{"id":131,"date":"2022-12-09T19:47:21","date_gmt":"2022-12-09T18:47:21","guid":{"rendered":"https:\/\/trommeleididieigner.de\/?page_id=131"},"modified":"2025-09-23T19:15:24","modified_gmt":"2025-09-23T17:15:24","slug":"unterrichtsformen","status":"publish","type":"page","link":"https:\/\/trommeleididieigner.de\/?page_id=131","title":{"rendered":"Unterrichtsformen"},"content":{"rendered":"\n<div style=\"height:40px\" aria-hidden=\"true\" class=\"wp-block-spacer\"><\/div>\n\n\n\n<h2 class=\"wp-block-heading\">Regelm\u00e4\u00dfiger Unterricht<\/h2>\n\n\n\n<figure class=\"wp-block-table has-medium-font-size\"><table class=\"has-fixed-layout\"><tbody><tr><td><\/td><td>Einzel\u00adunterricht w\u00f6chtenlich<\/td><\/tr><tr><td>30 Minuten <\/td><td>58 \u20ac mtl.<\/td><\/tr><tr><td>45 Minuten<\/td><td>87 \u20ac mtl.<\/td><\/tr><\/tbody><\/table><figcaption class=\"wp-element-caption\">W\u00e4hrend der Schulferien findet kein Unterricht statt!<\/figcaption><\/figure>\n\n\n\n<div style=\"height:20px\" aria-hidden=\"true\" class=\"wp-block-spacer\"><\/div>\n\n\n\n<h2 class=\"wp-block-heading\">Blockunterricht<\/h2>\n\n\n\n<figure class=\"wp-block-table has-medium-font-size\"><table class=\"has-fixed-layout\"><tbody><tr><td>5 x 30 Minuten Blockunterricht<\/td><td>115 \u20ac<\/td><\/tr><\/tbody><\/table><figcaption class=\"wp-element-caption\">Gruppenunterricht, wenn die Chemie stimmt.<\/figcaption><\/figure>\n\n\n\n<p class=\"has-neve-text-color-color has-text-color has-medium-font-size\">Au\u00dferdem Unterricht f\u00fcr Menschen mit besonderem F\u00f6rderbedarf.<\/p>\n\n\n\n<div style=\"height:100px\" aria-hidden=\"true\" class=\"wp-block-spacer\"><\/div>\n","protected":false},"excerpt":{"rendered":"<p>Regelm\u00e4\u00dfiger Unterricht Einzel\u00adunterricht w\u00f6chtenlich 30 Minuten 58 \u20ac mtl. 45 Minuten 87 \u20ac mtl. W\u00e4hrend der Schulferien findet kein Unterricht statt! Blockunterricht 5 x 30 Minuten Blockunterricht 115 \u20ac Gruppenunterricht, wenn die Chemie stimmt. Au\u00dferdem Unterricht f\u00fcr Menschen mit besonderem F\u00f6rderbedarf.<\/p>\n","protected":false},"author":1,"featured_media":0,"parent":0,"menu_order":0,"comment_status":"closed","ping_status":"closed","template":"","meta":{"neve_meta_sidebar":"","neve_meta_container":"","neve_meta_enable_content_width":"","neve_meta_content_width":0,"neve_meta_title_alignment":"","neve_meta_author_avatar":"","neve_post_elements_order":"","neve_meta_disable_header":"","neve_meta_disable_footer":"","neve_meta_disable_title":"","footnotes":""},"class_list":["post-131","page","type-page","status-publish","hentry"],"_links":{"self":[{"href":"https:\/\/trommeleididieigner.de\/index.php?rest_route=\/wp\/v2\/pages\/131","targetHints":{"allow":["GET"]}}],"collection":[{"href":"https:\/\/trommeleididieigner.de\/index.php?rest_route=\/wp\/v2\/pages"}],"about":[{"href":"https:\/\/trommeleididieigner.de\/index.php?rest_route=\/wp\/v2\/types\/page"}],"author":[{"embeddable":true,"href":"https:\/\/trommeleididieigner.de\/index.php?rest_route=\/wp\/v2\/users\/1"}],"replies":[{"embeddable":true,"href":"https:\/\/trommeleididieigner.de\/index.php?rest_route=%2Fwp%2Fv2%2Fcomments&post=131"}],"version-history":[{"count":24,"href":"https:\/\/trommeleididieigner.de\/index.php?rest_route=\/wp\/v2\/pages\/131\/revisions"}],"predecessor-version":[{"id":449,"href":"https:\/\/trommeleididieigner.de\/index.php?rest_route=\/wp\/v2\/pages\/131\/revisions\/449"}],"wp:attachment":[{"href":"https:\/\/trommeleididieigner.de\/index.php?rest_route=%2Fwp%2Fv2%2Fmedia&parent=131"}],"curies":[{"name":"wp","href":"https:\/\/api.w.org\/{rel}","templated":true}]}}