{"id":20,"date":"2022-11-25T14:38:56","date_gmt":"2022-11-25T13:38:56","guid":{"rendered":"https:\/\/trommeleididieigner.de\/?page_id=20"},"modified":"2023-02-16T15:39:58","modified_gmt":"2023-02-16T14:39:58","slug":"startseite","status":"publish","type":"page","link":"https:\/\/trommeleididieigner.de\/","title":{"rendered":"Home"},"content":{"rendered":"\n<div class=\"wp-block-cover alignfull background\"><span aria-hidden=\"true\" class=\"wp-block-cover__background has-nv-light-bg-background-color has-background-dim-100 has-background-dim\"><\/span><div class=\"wp-block-cover__inner-container is-layout-flow wp-block-cover-is-layout-flow\">\n<div style=\"height:80px\" aria-hidden=\"true\" class=\"wp-block-spacer wood-space\"><\/div>\n\n\n\n<div class=\"alignnormal\"><div id=\"metaslider-id-83\" style=\"max-width: 900px; margin: 0 auto;\" class=\"ml-slider-3-108-0 metaslider metaslider-flex metaslider-83 ml-slider ms-theme-default nav-hidden\" role=\"region\" aria-label=\"Home\" data-height=\"400\" data-width=\"900\">\n    <div id=\"metaslider_container_83\">\n        <div id=\"metaslider_83\">\n            <ul class='slides'>\n                <li style=\"display: block; width: 100%;\" class=\"slide-153 ms-image \" aria-roledescription=\"slide\" data-date=\"2022-12-15 14:28:14\" data-filename=\"Home_Schlagzeug-900x400.jpg\" data-slide-type=\"image\"><img loading=\"lazy\" decoding=\"async\" src=\"https:\/\/trommeleididieigner.de\/wp-content\/uploads\/2023\/01\/Home_Schlagzeug-900x400.jpg\" height=\"400\" width=\"900\" alt=\"\" class=\"slider-83 slide-153 msDefaultImage\" title=\"Home_Schlagzeug\" \/><\/li>\n                <li style=\"display: none; width: 100%;\" class=\"slide-154 ms-image \" aria-roledescription=\"slide\" data-date=\"2022-12-15 14:28:14\" data-filename=\"Home_Trommeln-900x400.jpg\" data-slide-type=\"image\"><img loading=\"lazy\" decoding=\"async\" src=\"https:\/\/trommeleididieigner.de\/wp-content\/uploads\/2023\/01\/Home_Trommeln-900x400.jpg\" height=\"400\" width=\"900\" alt=\"\" class=\"slider-83 slide-154 msDefaultImage\" title=\"Home_Trommeln\" \/><\/li>\n                <li style=\"display: none; width: 100%;\" class=\"slide-346 ms-image \" aria-roledescription=\"slide\" data-date=\"2023-02-12 13:19:53\" data-filename=\"Home_Schlagzeug2-900x400.jpg\" data-slide-type=\"image\"><img loading=\"lazy\" decoding=\"async\" src=\"https:\/\/trommeleididieigner.de\/wp-content\/uploads\/2023\/02\/Home_Schlagzeug2-900x400.jpg\" height=\"400\" width=\"900\" alt=\"\" class=\"slider-83 slide-346 msDefaultImage\" title=\"Home_Schlagzeug2\" \/><\/li>\n            <\/ul>\n        <\/div>\n        \n    <\/div>\n<\/div><\/div>\n\n\n\n<div style=\"height:80px\" aria-hidden=\"true\" class=\"wp-block-spacer wood-space\"><\/div>\n<\/div><\/div>\n\n\n\n<div style=\"height:80px\" aria-hidden=\"true\" class=\"wp-block-spacer\"><\/div>\n\n\n\n<div class=\"wp-block-columns is-layout-flex wp-container-core-columns-is-layout-9d6595d7 wp-block-columns-is-layout-flex\">\n<div class=\"wp-block-column is-layout-flow wp-block-column-is-layout-flow\">\n<h3 class=\"has-text-align-center has-neve-text-color-color has-text-color wp-block-heading\">Servus,<\/h3>\n\n\n\n<p class=\"has-text-align-center has-neve-text-color-color has-text-color\">ich bin freiberuflicher Musiker und staatlich anerkannter Lehrer f\u00fcr das Schlagwerk.<\/p>\n\n\n\n<p class=\"has-text-align-center has-neve-text-color-color has-text-color\">F\u00fcr Kinder ab 5 gibt&#8217;s das kleine Trommel-Latinum, vorzugsweise im w\u00f6chentlichen Unterricht. <\/p>\n\n\n\n<p class=\"has-text-align-center has-neve-text-color-color has-text-color\">Bei Jugendlichen sowie Erwachsenen passe ich den Inhalt gerne an musikalische Vorlieben an.<\/p>\n\n\n\n<p class=\"has-text-align-center has-neve-text-color-color has-text-color\">Auch willkommen sind Rentner\/innen und Pensionist\/innen.<\/p>\n\n\n\n<p class=\"has-text-align-center has-neve-text-color-color has-text-color\">Jetzt ist die beste Zeit.<\/p>\n<\/div>\n<\/div>\n\n\n\n<div style=\"height:80px\" aria-hidden=\"true\" class=\"wp-block-spacer\"><\/div>\n\n\n\n<div class=\"wp-block-cover alignfull\" style=\"min-height:600px;aspect-ratio:unset;\"><span aria-hidden=\"true\" class=\"wp-block-cover__background has-nv-light-bg-background-color has-background-dim-100 has-background-dim\"><\/span><div class=\"wp-block-cover__inner-container is-layout-flow wp-block-cover-is-layout-flow\">\n<div class=\"wp-block-group\"><div class=\"wp-block-group__inner-container is-layout-flow wp-block-group-is-layout-flow\">\n<div style=\"height:80px\" aria-hidden=\"true\" class=\"wp-block-spacer\"><\/div>\n\n\n\n<div class=\"wp-block-columns are-vertically-aligned-center is-layout-flex wp-container-core-columns-is-layout-9d6595d7 wp-block-columns-is-layout-flex\">\n<div class=\"wp-block-column is-vertically-aligned-center is-layout-flow wp-block-column-is-layout-flow\" style=\"flex-basis:50%\">\n<figure class=\"wp-block-image size-large\"><img loading=\"lazy\" decoding=\"async\" width=\"1024\" height=\"683\" src=\"HTTPS:\/\/trommeleididieigner.de\/wp-content\/uploads\/2022\/12\/WhatsApp-Image-2022-11-30-at-14.09.29-1-1024x683.jpeg\" alt=\"\" class=\"wp-image-78\" srcset=\"https:\/\/trommeleididieigner.de\/wp-content\/uploads\/2022\/12\/WhatsApp-Image-2022-11-30-at-14.09.29-1-1024x683.jpeg 1024w, https:\/\/trommeleididieigner.de\/wp-content\/uploads\/2022\/12\/WhatsApp-Image-2022-11-30-at-14.09.29-1-300x200.jpeg 300w, https:\/\/trommeleididieigner.de\/wp-content\/uploads\/2022\/12\/WhatsApp-Image-2022-11-30-at-14.09.29-1-768x512.jpeg 768w, https:\/\/trommeleididieigner.de\/wp-content\/uploads\/2022\/12\/WhatsApp-Image-2022-11-30-at-14.09.29-1-1536x1024.jpeg 1536w, https:\/\/trommeleididieigner.de\/wp-content\/uploads\/2022\/12\/WhatsApp-Image-2022-11-30-at-14.09.29-1-930x620.jpeg 930w, https:\/\/trommeleididieigner.de\/wp-content\/uploads\/2022\/12\/WhatsApp-Image-2022-11-30-at-14.09.29-1.jpeg 1600w\" sizes=\"auto, (max-width: 1024px) 100vw, 1024px\" \/><\/figure>\n<\/div>\n\n\n\n<div class=\"wp-block-column is-vertically-aligned-center is-layout-flow wp-block-column-is-layout-flow\" style=\"flex-basis:50%\">\n<h2 class=\"has-text-align-left has-neve-text-color-color has-text-color wp-block-heading\">Angebot<\/h2>\n\n\n\n<p class=\"has-text-align-left has-neve-text-color-color has-text-color\" style=\"font-size:17px\">Vorbereitung zur D1 \/ D2 Pr\u00fcfung und externe Vorspiele (Fachschaft Musik, Gymnasium) geh\u00f6ren ebenfalls zum Unterrichtsangebot. <br>Wobei mir Musik viel zu heilig ist, um sie nur \u00fcber Pr\u00fcfungsergebnisse und Disziplin zu definieren.<\/p>\n\n\n\n<div class=\"wp-block-buttons is-content-justification-left is-layout-flex wp-container-core-buttons-is-layout-fdcfc74e wp-block-buttons-is-layout-flex\">\n<div class=\"wp-block-button is-style-primary\"><a class=\"wp-block-button__link wp-element-button\" href=\"HTTPS:\/\/trommeleididieigner.de\/?page_id=131\">Unterrichtsformen<\/a><\/div>\n<\/div>\n<\/div>\n<\/div>\n<\/div><\/div>\n\n\n\n<div style=\"height:100px\" aria-hidden=\"true\" class=\"wp-block-spacer\"><\/div>\n<\/div><\/div>\n\n\n\n<div class=\"wp-block-cover alignfull\" style=\"min-height:600px;aspect-ratio:unset;\"><span aria-hidden=\"true\" class=\"wp-block-cover__background has-nv-site-bg-background-color has-background-dim-100 has-background-dim\"><\/span><div class=\"wp-block-cover__inner-container is-layout-flow wp-block-cover-is-layout-flow\">\n<div class=\"wp-block-group\"><div class=\"wp-block-group__inner-container is-layout-flow wp-block-group-is-layout-flow\">\n<div style=\"height:80px\" aria-hidden=\"true\" class=\"wp-block-spacer\"><\/div>\n\n\n\n<div class=\"wp-block-columns are-vertically-aligned-center is-layout-flex wp-container-core-columns-is-layout-9d6595d7 wp-block-columns-is-layout-flex\">\n<div class=\"wp-block-column is-vertically-aligned-center is-layout-flow wp-block-column-is-layout-flow\" style=\"flex-basis:50%\">\n<h2 class=\"has-text-align-left has-neve-text-color-color has-text-color wp-block-heading\">Atmosph\u00e4re<\/h2>\n\n\n\n<p class=\"has-neve-text-color-color has-text-color\">Es darf gelacht werden. <br>Freude, Begeisterung und Kreativit\u00e4t sind gleichwertige Partner zu Selbstorganisation, Anstrengungsbereitschaft und Selbstwirksamkeit.<br>In einer angenehmen Atmosph\u00e4re lernt es sich leichter.<\/p>\n\n\n\n<div class=\"wp-block-buttons is-content-justification-left is-layout-flex wp-container-core-buttons-is-layout-fdcfc74e wp-block-buttons-is-layout-flex\">\n<div class=\"wp-block-button is-style-primary\"><a class=\"wp-block-button__link wp-element-button\" href=\"HTTPS:\/\/trommeleididieigner.de\/?page_id=41\">Weitere Informationen<\/a><\/div>\n<\/div>\n<\/div>\n\n\n\n<div class=\"wp-block-column is-vertically-aligned-center is-layout-flow wp-block-column-is-layout-flow\" style=\"flex-basis:50%\">\n<figure class=\"wp-block-image size-large\"><img loading=\"lazy\" decoding=\"async\" width=\"1024\" height=\"683\" src=\"https:\/\/trommeleididieigner.de\/wp-content\/uploads\/2023\/01\/Home_Atmosphaere-1024x683.jpg\" alt=\"\" class=\"wp-image-323\" srcset=\"https:\/\/trommeleididieigner.de\/wp-content\/uploads\/2023\/01\/Home_Atmosphaere-1024x683.jpg 1024w, https:\/\/trommeleididieigner.de\/wp-content\/uploads\/2023\/01\/Home_Atmosphaere-300x200.jpg 300w, https:\/\/trommeleididieigner.de\/wp-content\/uploads\/2023\/01\/Home_Atmosphaere-768x512.jpg 768w, https:\/\/trommeleididieigner.de\/wp-content\/uploads\/2023\/01\/Home_Atmosphaere-1536x1024.jpg 1536w, https:\/\/trommeleididieigner.de\/wp-content\/uploads\/2023\/01\/Home_Atmosphaere-930x620.jpg 930w, https:\/\/trommeleididieigner.de\/wp-content\/uploads\/2023\/01\/Home_Atmosphaere.jpg 1920w\" sizes=\"auto, (max-width: 1024px) 100vw, 1024px\" \/><\/figure>\n<\/div>\n<\/div>\n<\/div><\/div>\n\n\n\n<div style=\"height:100px\" aria-hidden=\"true\" class=\"wp-block-spacer\"><\/div>\n<\/div><\/div>\n\n\n\n<div class=\"wp-block-cover alignfull\" style=\"min-height:600px;aspect-ratio:unset;\"><span aria-hidden=\"true\" class=\"wp-block-cover__background has-nv-light-bg-background-color has-background-dim-100 has-background-dim\"><\/span><div class=\"wp-block-cover__inner-container is-layout-flow wp-block-cover-is-layout-flow\">\n<div class=\"wp-block-group\"><div class=\"wp-block-group__inner-container is-layout-flow wp-block-group-is-layout-flow\">\n<div style=\"height:80px\" aria-hidden=\"true\" class=\"wp-block-spacer\"><\/div>\n\n\n\n<div class=\"wp-block-columns are-vertically-aligned-center is-layout-flex wp-container-core-columns-is-layout-9d6595d7 wp-block-columns-is-layout-flex\">\n<div class=\"wp-block-column is-vertically-aligned-center is-layout-flow wp-block-column-is-layout-flow\" style=\"flex-basis:50%\">\n<figure class=\"wp-block-image size-large\"><img loading=\"lazy\" decoding=\"async\" width=\"1024\" height=\"683\" src=\"https:\/\/trommeleididieigner.de\/wp-content\/uploads\/2023\/01\/Home_Didi-1-1024x683.jpg\" alt=\"\" class=\"wp-image-317\" srcset=\"https:\/\/trommeleididieigner.de\/wp-content\/uploads\/2023\/01\/Home_Didi-1-1024x683.jpg 1024w, https:\/\/trommeleididieigner.de\/wp-content\/uploads\/2023\/01\/Home_Didi-1-300x200.jpg 300w, https:\/\/trommeleididieigner.de\/wp-content\/uploads\/2023\/01\/Home_Didi-1-768x512.jpg 768w, https:\/\/trommeleididieigner.de\/wp-content\/uploads\/2023\/01\/Home_Didi-1-1536x1024.jpg 1536w, https:\/\/trommeleididieigner.de\/wp-content\/uploads\/2023\/01\/Home_Didi-1-930x620.jpg 930w, https:\/\/trommeleididieigner.de\/wp-content\/uploads\/2023\/01\/Home_Didi-1.jpg 1920w\" sizes=\"auto, (max-width: 1024px) 100vw, 1024px\" \/><\/figure>\n<\/div>\n\n\n\n<div class=\"wp-block-column is-vertically-aligned-center is-layout-flow wp-block-column-is-layout-flow\" style=\"flex-basis:50%\">\n<h2 class=\"has-text-align-left has-neve-text-color-color has-text-color wp-block-heading\">Didi Eigner<\/h2>\n\n\n\n<p class=\"has-text-align-left has-neve-text-color-color has-text-color\" style=\"font-size:17px\">\u2022 verheiratet<br>\u2022 3 Kinder<br>\u2022 Lehrauftrag Montessori-Schule Geisenhausen und der Realschule Vilsbiburg<\/p>\n\n\n\n<div class=\"wp-block-buttons is-content-justification-left is-layout-flex wp-container-core-buttons-is-layout-fdcfc74e wp-block-buttons-is-layout-flex\">\n<div class=\"wp-block-button is-style-primary\"><a class=\"wp-block-button__link wp-element-button\" href=\"HTTPS:\/\/trommeleididieigner.de\/?page_id=22\">Zum Kontakt<\/a><\/div>\n<\/div>\n<\/div>\n<\/div>\n<\/div><\/div>\n\n\n\n<div style=\"height:100px\" aria-hidden=\"true\" class=\"wp-block-spacer\"><\/div>\n<\/div><\/div>\n","protected":false},"excerpt":{"rendered":"<p>Servus, ich bin freiberuflicher Musiker und staatlich anerkannter Lehrer f\u00fcr das Schlagwerk. F\u00fcr Kinder ab 5 gibt&#8217;s das kleine Trommel-Latinum, vorzugsweise im w\u00f6chentlichen Unterricht. Bei Jugendlichen sowie Erwachsenen passe ich den Inhalt gerne an musikalische Vorlieben an. Auch willkommen sind Rentner\/innen und Pensionist\/innen. Jetzt ist die beste Zeit.<\/p>\n","protected":false},"author":1,"featured_media":0,"parent":0,"menu_order":0,"comment_status":"closed","ping_status":"closed","template":"","meta":{"neve_meta_sidebar":"","neve_meta_container":"","neve_meta_enable_content_width":"on","neve_meta_content_width":100,"neve_meta_title_alignment":"","neve_meta_author_avatar":"","neve_post_elements_order":"","neve_meta_disable_header":"","neve_meta_disable_footer":"","neve_meta_disable_title":"on","footnotes":""},"class_list":["post-20","page","type-page","status-publish","hentry"],"_links":{"self":[{"href":"https:\/\/trommeleididieigner.de\/index.php?rest_route=\/wp\/v2\/pages\/20","targetHints":{"allow":["GET"]}}],"collection":[{"href":"https:\/\/trommeleididieigner.de\/index.php?rest_route=\/wp\/v2\/pages"}],"about":[{"href":"https:\/\/trommeleididieigner.de\/index.php?rest_route=\/wp\/v2\/types\/page"}],"author":[{"embeddable":true,"href":"https:\/\/trommeleididieigner.de\/index.php?rest_route=\/wp\/v2\/users\/1"}],"replies":[{"embeddable":true,"href":"https:\/\/trommeleididieigner.de\/index.php?rest_route=%2Fwp%2Fv2%2Fcomments&post=20"}],"version-history":[{"count":78,"href":"https:\/\/trommeleididieigner.de\/index.php?rest_route=\/wp\/v2\/pages\/20\/revisions"}],"predecessor-version":[{"id":417,"href":"https:\/\/trommeleididieigner.de\/index.php?rest_route=\/wp\/v2\/pages\/20\/revisions\/417"}],"wp:attachment":[{"href":"https:\/\/trommeleididieigner.de\/index.php?rest_route=%2Fwp%2Fv2%2Fmedia&parent=20"}],"curies":[{"name":"wp","href":"https:\/\/api.w.org\/{rel}","templated":true}]}}