{"id":40,"date":"2022-11-25T14:42:48","date_gmt":"2022-11-25T13:42:48","guid":{"rendered":"https:\/\/trommeleididieigner.de\/?page_id=40"},"modified":"2024-01-10T22:19:02","modified_gmt":"2024-01-10T21:19:02","slug":"trommelfrueschoppen","status":"publish","type":"page","link":"https:\/\/trommeleididieigner.de\/?page_id=40","title":{"rendered":"Trommel&shy;fr\u00fchschoppen"},"content":{"rendered":"\n<div class=\"wp-block-columns is-layout-flex wp-container-core-columns-is-layout-9d6595d7 wp-block-columns-is-layout-flex\">\n<div class=\"wp-block-column is-vertically-aligned-top is-layout-flow wp-block-column-is-layout-flow\" style=\"flex-basis:100%\">\n<div style=\"height:100px\" aria-hidden=\"true\" class=\"wp-block-spacer\"><\/div>\n\n\n\n<h1 class=\"has-text-align-center wp-block-heading\">Trommel\u00adfr\u00fchschoppen<\/h1>\n<\/div>\n<\/div>\n\n\n\n<div class=\"alignnormal\"><div id=\"metaslider-id-148\" style=\"max-width: 900px; margin: 0 auto;\" class=\"ml-slider-3-108-0 metaslider metaslider-flex metaslider-148 ml-slider ms-theme-default nav-hidden\" role=\"region\" aria-label=\"Trommelfr\u00fchschoppen\" data-height=\"400\" data-width=\"900\">\n    <div id=\"metaslider_container_148\">\n        <div id=\"metaslider_148\">\n            <ul class='slides'>\n                <li style=\"display: block; width: 100%;\" class=\"slide-276 ms-image \" aria-roledescription=\"slide\" data-date=\"2023-01-25 22:04:33\" data-filename=\"WhatsApp-Image-2022-11-30-at-14.12.181-1-900x400.jpeg\" data-slide-type=\"image\"><img loading=\"lazy\" decoding=\"async\" src=\"https:\/\/trommeleididieigner.de\/wp-content\/uploads\/2022\/12\/WhatsApp-Image-2022-11-30-at-14.12.181-1-900x400.jpeg\" height=\"400\" width=\"900\" alt=\"\" class=\"slider-148 slide-276 msDefaultImage\" title=\"WhatsApp-Image-2022-11-30-at-14.12.181-1\" \/><\/li>\n                <li style=\"display: none; width: 100%;\" class=\"slide-277 ms-image \" aria-roledescription=\"slide\" data-date=\"2023-01-25 22:04:41\" data-filename=\"WhatsApp-Image-2022-11-30-at-14.12.16-1-900x400.jpeg\" data-slide-type=\"image\"><img loading=\"lazy\" decoding=\"async\" src=\"https:\/\/trommeleididieigner.de\/wp-content\/uploads\/2022\/12\/WhatsApp-Image-2022-11-30-at-14.12.16-1-900x400.jpeg\" height=\"400\" width=\"900\" alt=\"\" class=\"slider-148 slide-277 msDefaultImage\" title=\"WhatsApp-Image-2022-11-30-at-14.12.16-1\" \/><\/li>\n                <li style=\"display: none; width: 100%;\" class=\"slide-278 ms-image \" aria-roledescription=\"slide\" data-date=\"2023-01-25 22:04:45\" data-filename=\"WhatsApp-Image-2022-11-30-at-14.12.18-900x400.jpeg\" data-slide-type=\"image\"><img loading=\"lazy\" decoding=\"async\" src=\"https:\/\/trommeleididieigner.de\/wp-content\/uploads\/2022\/12\/WhatsApp-Image-2022-11-30-at-14.12.18-900x400.jpeg\" height=\"400\" width=\"900\" alt=\"\" class=\"slider-148 slide-278 msDefaultImage\" title=\"WhatsApp-Image-2022-11-30-at-14.12.18\" \/><\/li>\n                <li style=\"display: none; width: 100%;\" class=\"slide-395 ms-image \" aria-roledescription=\"slide\" data-date=\"2023-02-12 16:36:50\" data-filename=\"Trommelfruehschoppen-900x400.jpeg\" data-slide-type=\"image\"><img loading=\"lazy\" decoding=\"async\" src=\"https:\/\/trommeleididieigner.de\/wp-content\/uploads\/2023\/02\/Trommelfruehschoppen-900x400.jpeg\" height=\"400\" width=\"900\" alt=\"\" class=\"slider-148 slide-395 msDefaultImage\" title=\"Trommelfr\u00fchschoppen\" \/><\/li>\n                <li style=\"display: none; width: 100%;\" class=\"slide-427 ms-image \" aria-roledescription=\"slide\" data-date=\"2024-01-10 19:42:19\" data-filename=\"Rhykmus-scaled-900x400.jpg\" data-slide-type=\"image\"><img loading=\"lazy\" decoding=\"async\" src=\"https:\/\/trommeleididieigner.de\/wp-content\/uploads\/2024\/01\/Rhykmus-scaled-900x400.jpg\" height=\"400\" width=\"900\" alt=\"\" class=\"slider-148 slide-427 msDefaultImage\" title=\"Rhykmus\" \/><\/li>\n                <li style=\"display: none; width: 100%;\" class=\"slide-428 ms-image \" aria-roledescription=\"slide\" data-date=\"2024-01-10 19:42:19\" data-filename=\"tr.fr_.-13-toms-900x400.jpg\" data-slide-type=\"image\"><img loading=\"lazy\" decoding=\"async\" src=\"https:\/\/trommeleididieigner.de\/wp-content\/uploads\/2024\/01\/tr.fr_.-13-toms-900x400.jpg\" height=\"400\" width=\"900\" alt=\"\" class=\"slider-148 slide-428 msDefaultImage\" title=\"tr.fr. 13 toms\" \/><\/li>\n            <\/ul>\n        <\/div>\n        \n    <\/div>\n<\/div><\/div>\n\n\n\n<div style=\"height:100px\" aria-hidden=\"true\" class=\"wp-block-spacer\"><\/div>\n\n\n\n<p class=\"has-text-align-center has-neve-text-color-color has-text-color has-medium-font-size\">Mein allj\u00e4hrliches Sch\u00fclerkonzert, der Trommelfr\u00fchschoppen, findet in Hinterskirchen, Rampl Saal, statt.<br>Ausgestattet mit professioneller Technik werden Solo\u00b4s oder Playalong\u00b4s vorgetragen. <br>Auch die ein oder andere kleine Band, Schlagzeug plus Kumpel an der Gitarre, Mama am Klavier etc., spielt beim Trommelfr\u00fchschoppen ihren ersten Auftritt.<\/p>\n\n\n\n<div style=\"height:100px\" aria-hidden=\"true\" class=\"wp-block-spacer\"><\/div>\n","protected":false},"excerpt":{"rendered":"<p>Trommel\u00adfr\u00fchschoppen Mein allj\u00e4hrliches Sch\u00fclerkonzert, der Trommelfr\u00fchschoppen, findet in Hinterskirchen, Rampl Saal, statt.Ausgestattet mit professioneller Technik werden Solo\u00b4s oder Playalong\u00b4s vorgetragen. Auch die ein oder andere kleine Band, Schlagzeug plus Kumpel an der Gitarre, Mama am Klavier etc., spielt beim Trommelfr\u00fchschoppen ihren ersten Auftritt.<\/p>\n","protected":false},"author":1,"featured_media":0,"parent":0,"menu_order":0,"comment_status":"closed","ping_status":"closed","template":"","meta":{"neve_meta_sidebar":"","neve_meta_container":"","neve_meta_enable_content_width":"","neve_meta_content_width":0,"neve_meta_title_alignment":"","neve_meta_author_avatar":"","neve_post_elements_order":"","neve_meta_disable_header":"off","neve_meta_disable_footer":"","neve_meta_disable_title":"on","footnotes":""},"class_list":["post-40","page","type-page","status-publish","hentry"],"_links":{"self":[{"href":"https:\/\/trommeleididieigner.de\/index.php?rest_route=\/wp\/v2\/pages\/40","targetHints":{"allow":["GET"]}}],"collection":[{"href":"https:\/\/trommeleididieigner.de\/index.php?rest_route=\/wp\/v2\/pages"}],"about":[{"href":"https:\/\/trommeleididieigner.de\/index.php?rest_route=\/wp\/v2\/types\/page"}],"author":[{"embeddable":true,"href":"https:\/\/trommeleididieigner.de\/index.php?rest_route=\/wp\/v2\/users\/1"}],"replies":[{"embeddable":true,"href":"https:\/\/trommeleididieigner.de\/index.php?rest_route=%2Fwp%2Fv2%2Fcomments&post=40"}],"version-history":[{"count":21,"href":"https:\/\/trommeleididieigner.de\/index.php?rest_route=\/wp\/v2\/pages\/40\/revisions"}],"predecessor-version":[{"id":433,"href":"https:\/\/trommeleididieigner.de\/index.php?rest_route=\/wp\/v2\/pages\/40\/revisions\/433"}],"wp:attachment":[{"href":"https:\/\/trommeleididieigner.de\/index.php?rest_route=%2Fwp%2Fv2%2Fmedia&parent=40"}],"curies":[{"name":"wp","href":"https:\/\/api.w.org\/{rel}","templated":true}]}}