{"id":41,"date":"2022-11-25T14:42:48","date_gmt":"2022-11-25T13:42:48","guid":{"rendered":"https:\/\/trommeleididieigner.de\/?page_id=41"},"modified":"2024-01-10T22:18:06","modified_gmt":"2024-01-10T21:18:06","slug":"dies-das","status":"publish","type":"page","link":"https:\/\/trommeleididieigner.de\/?page_id=41","title":{"rendered":"dies &#038; das"},"content":{"rendered":"\n<figure class=\"wp-block-image size-large\"><img loading=\"lazy\" decoding=\"async\" width=\"1024\" height=\"683\" src=\"https:\/\/trommeleididieigner.de\/wp-content\/uploads\/2023\/01\/diesdas_Schlagzeug-1024x683.jpg\" alt=\"\" class=\"wp-image-320\" srcset=\"https:\/\/trommeleididieigner.de\/wp-content\/uploads\/2023\/01\/diesdas_Schlagzeug-1024x683.jpg 1024w, https:\/\/trommeleididieigner.de\/wp-content\/uploads\/2023\/01\/diesdas_Schlagzeug-300x200.jpg 300w, https:\/\/trommeleididieigner.de\/wp-content\/uploads\/2023\/01\/diesdas_Schlagzeug-768x512.jpg 768w, https:\/\/trommeleididieigner.de\/wp-content\/uploads\/2023\/01\/diesdas_Schlagzeug-1536x1024.jpg 1536w, https:\/\/trommeleididieigner.de\/wp-content\/uploads\/2023\/01\/diesdas_Schlagzeug-930x620.jpg 930w, https:\/\/trommeleididieigner.de\/wp-content\/uploads\/2023\/01\/diesdas_Schlagzeug.jpg 1920w\" sizes=\"auto, (max-width: 1024px) 100vw, 1024px\" \/><\/figure>\n\n\n\n<div style=\"height:100px\" aria-hidden=\"true\" class=\"wp-block-spacer\"><\/div>\n\n\n\n<p class=\"has-text-align-left has-neve-text-color-color has-text-color has-large-font-size\"><strong>Erlernen eines Instruments<\/strong><\/p>\n\n\n\n<p class=\"has-text-align-left has-neve-text-color-color has-text-color has-large-font-size\">Warum?<\/p>\n\n\n\n<ul class=\"wp-block-list\">\n<li>f\u00f6rdert die Ausdauer und Geduld<\/li>\n\n\n\n<li>Musik ist ein Miteinander<\/li>\n\n\n\n<li>f\u00f6rdert die geistige Entwicklung durch das vernetzte Denken beim Musizieren<\/li>\n\n\n\n<li>st\u00e4rkt Selbstorganisation, Leistungswille und Anstrengungsbereitschaft<\/li>\n\n\n\n<li>schult K\u00f6rper und Geist<\/li>\n\n\n\n<li>Musikunterricht soll Freude bereiten, dann macht Musik besonders gl\u00fccklich<\/li>\n\n\n\n<li>Verringerung von Aggressivit\u00e4t und psychischer Probleme<\/li>\n\n\n\n<li>ohne Musik w\u00e4re das Leben ein Irrtum<\/li>\n<\/ul>\n\n\n\n<div style=\"height:100px\" aria-hidden=\"true\" class=\"wp-block-spacer\"><\/div>\n\n\n\n<figure class=\"wp-block-image size-large\"><img loading=\"lazy\" decoding=\"async\" width=\"1024\" height=\"683\" src=\"https:\/\/trommeleididieigner.de\/wp-content\/uploads\/2023\/01\/diesdas_Trommeln-1024x683.jpg\" alt=\"\" class=\"wp-image-321\" srcset=\"https:\/\/trommeleididieigner.de\/wp-content\/uploads\/2023\/01\/diesdas_Trommeln-1024x683.jpg 1024w, https:\/\/trommeleididieigner.de\/wp-content\/uploads\/2023\/01\/diesdas_Trommeln-300x200.jpg 300w, https:\/\/trommeleididieigner.de\/wp-content\/uploads\/2023\/01\/diesdas_Trommeln-768x512.jpg 768w, https:\/\/trommeleididieigner.de\/wp-content\/uploads\/2023\/01\/diesdas_Trommeln-1536x1024.jpg 1536w, https:\/\/trommeleididieigner.de\/wp-content\/uploads\/2023\/01\/diesdas_Trommeln-930x620.jpg 930w, https:\/\/trommeleididieigner.de\/wp-content\/uploads\/2023\/01\/diesdas_Trommeln.jpg 1920w\" sizes=\"auto, (max-width: 1024px) 100vw, 1024px\" \/><\/figure>\n\n\n\n<div style=\"height:100px\" aria-hidden=\"true\" class=\"wp-block-spacer\"><\/div>\n\n\n\n<p class=\"has-neve-text-color-color has-text-color has-large-font-size\"><strong>Rhythmen im Mittelalter \/ Geschichte des Trommelbaus<\/strong><\/p>\n\n\n\n<p class=\"has-neve-text-color-color has-text-color has-medium-font-size\">Im Zuge meiner Lehrausbildung an der Bundesakademie Trossingen entstand eine Arbeit \u00fcber &#8222;very old school Grooves&#8220; und historische Trommeln. Die Landshuter Hochzeit l\u00e4sst gr\u00fc\u00dfen.<\/p>\n\n\n\n<p class=\"has-neve-text-color-color has-text-color has-large-font-size\">Interesse? Einfach melden!<\/p>\n\n\n\n<div style=\"height:100px\" aria-hidden=\"true\" class=\"wp-block-spacer\"><\/div>\n","protected":false},"excerpt":{"rendered":"<p>Erlernen eines Instruments Warum? Rhythmen im Mittelalter \/ Geschichte des Trommelbaus Im Zuge meiner Lehrausbildung an der Bundesakademie Trossingen entstand eine Arbeit \u00fcber &#8222;very old school Grooves&#8220; und historische Trommeln. Die Landshuter Hochzeit l\u00e4sst gr\u00fc\u00dfen. Interesse? Einfach melden!<\/p>\n","protected":false},"author":1,"featured_media":0,"parent":0,"menu_order":0,"comment_status":"closed","ping_status":"closed","template":"","meta":{"neve_meta_sidebar":"","neve_meta_container":"","neve_meta_enable_content_width":"","neve_meta_content_width":0,"neve_meta_title_alignment":"","neve_meta_author_avatar":"","neve_post_elements_order":"","neve_meta_disable_header":"","neve_meta_disable_footer":"","neve_meta_disable_title":"","footnotes":""},"class_list":["post-41","page","type-page","status-publish","hentry"],"_links":{"self":[{"href":"https:\/\/trommeleididieigner.de\/index.php?rest_route=\/wp\/v2\/pages\/41","targetHints":{"allow":["GET"]}}],"collection":[{"href":"https:\/\/trommeleididieigner.de\/index.php?rest_route=\/wp\/v2\/pages"}],"about":[{"href":"https:\/\/trommeleididieigner.de\/index.php?rest_route=\/wp\/v2\/types\/page"}],"author":[{"embeddable":true,"href":"https:\/\/trommeleididieigner.de\/index.php?rest_route=\/wp\/v2\/users\/1"}],"replies":[{"embeddable":true,"href":"https:\/\/trommeleididieigner.de\/index.php?rest_route=%2Fwp%2Fv2%2Fcomments&post=41"}],"version-history":[{"count":23,"href":"https:\/\/trommeleididieigner.de\/index.php?rest_route=\/wp\/v2\/pages\/41\/revisions"}],"predecessor-version":[{"id":431,"href":"https:\/\/trommeleididieigner.de\/index.php?rest_route=\/wp\/v2\/pages\/41\/revisions\/431"}],"wp:attachment":[{"href":"https:\/\/trommeleididieigner.de\/index.php?rest_route=%2Fwp%2Fv2%2Fmedia&parent=41"}],"curies":[{"name":"wp","href":"https:\/\/api.w.org\/{rel}","templated":true}]}}